{"id":204,"date":"2019-01-26T17:15:55","date_gmt":"2019-01-26T16:15:55","guid":{"rendered":"http:\/\/aso-art.com\/?page_id=204"},"modified":"2019-02-03T22:49:10","modified_gmt":"2019-02-03T21:49:10","slug":"abstraction","status":"publish","type":"page","link":"https:\/\/aso-art.com\/index.php\/abstraction\/","title":{"rendered":"Abstraction"},"content":{"rendered":"\n<p><strong>Abstraction <\/strong><em>n.f.<\/em> Op\u00e9ration intellectuelle qui consiste \u00e0 isoler par la pens\u00e9e l&rsquo;un des caract\u00e8res de quelque chose et \u00e0 le consid\u00e9rer ind\u00e9pendamment des autres caract\u00e8res de l&rsquo;objet.<\/p>\n\n\n<style type=\"text\/css\">\n#foogallery-gallery-203 .fg-image { width: 150px; }\n#foogallery-gallery-203 { --fg-gutter: 10px; }<\/style>\n\t\t\t<div class=\"foogallery foogallery-container foogallery-default foogallery-lightbox-foobox fg-center fg-default fg-ready fg-light fg-border-thin fg-shadow-outline fg-loading-default fg-loaded-fade-in fg-caption-hover fg-hover-fade fg-hover-zoom\" id=\"foogallery-gallery-203\" data-foogallery=\"{&quot;item&quot;:{&quot;showCaptionTitle&quot;:false,&quot;showCaptionDescription&quot;:true},&quot;lazy&quot;:true}\" style=\"--fg-title-line-clamp: 0; --fg-description-line-clamp: 0;\" >\n\t<div class=\"fg-item fg-type-image fg-idle\"><figure class=\"fg-item-inner\"><a href=\"https:\/\/aso-art.com\/wp-content\/uploads\/2019\/01\/DSC_0102_cropped.jpg\" target=\"foobox\" data-caption-title=\"Acrylique sur toile\n90 x 90\" data-caption-desc=\"Acrylique sur toile\n90 x 90\" data-attachment-id=\"157\" data-type=\"image\" class=\"fg-thumb\"><span class=\"fg-image-wrap\"><img decoding=\"async\" title=\"Acrylique sur toile\n90 x 90\" width=\"150\" height=\"150\" class=\"skip-lazy fg-image\" data-src-fg=\"https:\/\/aso-art.com\/wp-content\/uploads\/cache\/2019\/01\/DSC_0102_cropped\/1198309992.jpg\" src=\"data:image\/svg+xml,%3Csvg%20xmlns%3D%22http%3A%2F%2Fwww.w3.org%2F2000%2Fsvg%22%20width%3D%22150%22%20height%3D%22150%22%20viewBox%3D%220%200%20150%20150%22%3E%3C%2Fsvg%3E\" loading=\"eager\"><\/span><span class=\"fg-image-overlay\"><\/span><\/a><figcaption class=\"fg-caption\"><div class=\"fg-caption-inner\"><div class=\"fg-caption-desc\">Acrylique sur toile\n90 x 90<\/div><\/div><\/figcaption><\/figure><div class=\"fg-loader\"><\/div><\/div><div class=\"fg-item fg-type-image fg-idle\"><figure class=\"fg-item-inner\"><a href=\"https:\/\/aso-art.com\/wp-content\/uploads\/2019\/01\/rouge2.png\" data-caption-desc=\"Acrylique sur toile\n100 x 100\" data-attachment-id=\"222\" data-type=\"image\" class=\"fg-thumb\"><span class=\"fg-image-wrap\"><img decoding=\"async\" width=\"150\" height=\"150\" class=\"skip-lazy fg-image\" data-src-fg=\"https:\/\/aso-art.com\/wp-content\/uploads\/cache\/2019\/01\/rouge2\/366392772.png\" src=\"data:image\/svg+xml,%3Csvg%20xmlns%3D%22http%3A%2F%2Fwww.w3.org%2F2000%2Fsvg%22%20width%3D%22150%22%20height%3D%22150%22%20viewBox%3D%220%200%20150%20150%22%3E%3C%2Fsvg%3E\" loading=\"eager\"><\/span><span class=\"fg-image-overlay\"><\/span><\/a><figcaption class=\"fg-caption\"><div class=\"fg-caption-inner\"><div class=\"fg-caption-desc\">Acrylique sur toile\n100 x 100<\/div><\/div><\/figcaption><\/figure><div class=\"fg-loader\"><\/div><\/div><div class=\"fg-item fg-type-image fg-idle\"><figure class=\"fg-item-inner\"><a href=\"https:\/\/aso-art.com\/wp-content\/uploads\/2019\/01\/l\u00e0-bas.png\" data-caption-title=\"Acrylique sur toile\n80x120\" data-caption-desc=\"Acrylique sur toile\n80x120\" data-attachment-id=\"209\" data-type=\"image\" class=\"fg-thumb\"><span class=\"fg-image-wrap\"><img decoding=\"async\" alt=\"Acrylique sur toile 80x120\" title=\"Acrylique sur toile\n80x120\" width=\"150\" height=\"150\" class=\"skip-lazy fg-image\" data-src-fg=\"https:\/\/aso-art.com\/wp-content\/uploads\/cache\/2019\/01\/l\u00e0-bas\/510521576.png\" src=\"data:image\/svg+xml,%3Csvg%20xmlns%3D%22http%3A%2F%2Fwww.w3.org%2F2000%2Fsvg%22%20width%3D%22150%22%20height%3D%22150%22%20viewBox%3D%220%200%20150%20150%22%3E%3C%2Fsvg%3E\" loading=\"eager\"><\/span><span class=\"fg-image-overlay\"><\/span><\/a><figcaption class=\"fg-caption\"><div class=\"fg-caption-inner\"><div class=\"fg-caption-desc\">Acrylique sur toile\n80&#215;120<\/div><\/div><\/figcaption><\/figure><div class=\"fg-loader\"><\/div><\/div><div class=\"fg-item fg-type-image fg-idle\"><figure class=\"fg-item-inner\"><a href=\"https:\/\/aso-art.com\/wp-content\/uploads\/2018\/12\/aca-2018-\u00e9critures.png\" data-caption-title=\"Acrylique sur toile\n90 x 90\" data-caption-desc=\"Acrylique sur toile\n90 x 90\" data-attachment-id=\"71\" data-type=\"image\" class=\"fg-thumb\"><span class=\"fg-image-wrap\"><img decoding=\"async\" title=\"Acrylique sur toile\n90 x 90\" width=\"150\" height=\"150\" class=\"skip-lazy fg-image\" data-src-fg=\"https:\/\/aso-art.com\/wp-content\/uploads\/cache\/2018\/12\/aca-2018-\u00e9critures\/1898004208.png\" src=\"data:image\/svg+xml,%3Csvg%20xmlns%3D%22http%3A%2F%2Fwww.w3.org%2F2000%2Fsvg%22%20width%3D%22150%22%20height%3D%22150%22%20viewBox%3D%220%200%20150%20150%22%3E%3C%2Fsvg%3E\" loading=\"eager\"><\/span><span class=\"fg-image-overlay\"><\/span><\/a><figcaption class=\"fg-caption\"><div class=\"fg-caption-inner\"><div class=\"fg-caption-desc\">Acrylique sur toile\n90 x 90<\/div><\/div><\/figcaption><\/figure><div class=\"fg-loader\"><\/div><\/div><div class=\"fg-item fg-type-image fg-idle\"><figure class=\"fg-item-inner\"><a href=\"https:\/\/aso-art.com\/wp-content\/uploads\/2018\/12\/2018-spring-yellow.png\" data-caption-title=\"Acrylique sur toile\n100 x 100\" data-caption-desc=\"Acrylique sur toile\n100 x 100\" data-attachment-id=\"70\" data-type=\"image\" class=\"fg-thumb\"><span class=\"fg-image-wrap\"><img decoding=\"async\" title=\"Acrylique sur toile\n100 x 100\" width=\"150\" height=\"150\" class=\"skip-lazy fg-image\" data-src-fg=\"https:\/\/aso-art.com\/wp-content\/uploads\/cache\/2018\/12\/2018-spring-yellow\/2141794673.png\" src=\"data:image\/svg+xml,%3Csvg%20xmlns%3D%22http%3A%2F%2Fwww.w3.org%2F2000%2Fsvg%22%20width%3D%22150%22%20height%3D%22150%22%20viewBox%3D%220%200%20150%20150%22%3E%3C%2Fsvg%3E\" loading=\"eager\"><\/span><span class=\"fg-image-overlay\"><\/span><\/a><figcaption class=\"fg-caption\"><div class=\"fg-caption-inner\"><div class=\"fg-caption-desc\">Acrylique sur toile\n100 x 100<\/div><\/div><\/figcaption><\/figure><div class=\"fg-loader\"><\/div><\/div><\/div>\n<input class=\"fooboxshare_post_id\" type=\"hidden\" value=\"204\"\/>","protected":false},"excerpt":{"rendered":"<p>Abstraction n.f. Op\u00e9ration intellectuelle qui consiste \u00e0 isoler par la pens\u00e9e l&rsquo;un des caract\u00e8res de quelque chose et \u00e0 le consid\u00e9rer ind\u00e9pendamment des autres caract\u00e8res de l&rsquo;objet.<\/p>\n","protected":false},"author":1,"featured_media":0,"parent":0,"menu_order":0,"comment_status":"closed","ping_status":"closed","template":"","meta":{"footnotes":""},"class_list":["post-204","page","type-page","status-publish","hentry"],"_links":{"self":[{"href":"https:\/\/aso-art.com\/index.php\/wp-json\/wp\/v2\/pages\/204","targetHints":{"allow":["GET"]}}],"collection":[{"href":"https:\/\/aso-art.com\/index.php\/wp-json\/wp\/v2\/pages"}],"about":[{"href":"https:\/\/aso-art.com\/index.php\/wp-json\/wp\/v2\/types\/page"}],"author":[{"embeddable":true,"href":"https:\/\/aso-art.com\/index.php\/wp-json\/wp\/v2\/users\/1"}],"replies":[{"embeddable":true,"href":"https:\/\/aso-art.com\/index.php\/wp-json\/wp\/v2\/comments?post=204"}],"version-history":[{"count":6,"href":"https:\/\/aso-art.com\/index.php\/wp-json\/wp\/v2\/pages\/204\/revisions"}],"predecessor-version":[{"id":233,"href":"https:\/\/aso-art.com\/index.php\/wp-json\/wp\/v2\/pages\/204\/revisions\/233"}],"wp:attachment":[{"href":"https:\/\/aso-art.com\/index.php\/wp-json\/wp\/v2\/media?parent=204"}],"curies":[{"name":"wp","href":"https:\/\/api.w.org\/{rel}","templated":true}]}}