{"id":238,"date":"2019-02-19T22:08:36","date_gmt":"2019-02-19T21:08:36","guid":{"rendered":"http:\/\/aso-art.com\/?page_id=238"},"modified":"2019-03-24T20:43:03","modified_gmt":"2019-03-24T19:43:03","slug":"le-chemin","status":"publish","type":"page","link":"https:\/\/aso-art.com\/index.php\/le-chemin\/","title":{"rendered":"Le chemin"},"content":{"rendered":"\n<p>La premi\u00e8re fois.<br>C&rsquo;\u00e9tait en \u00e9t\u00e9.<br>C&rsquo;\u00e9tait il y a longtemps.<\/p>\n\n\n\n<p>Mon professeur de dessin nous demandait de dessiner un arbre.<br><br>J&rsquo;\u00e9tais assise sous un arbre, appuy\u00e9e contre son tronc, et j&rsquo;envisageais de dessiner l&rsquo;arbre \u00e0 quelques m\u00e8tres de moi.<\/p>\n\n\n\n<p>Il m&rsquo;a dit \u00ab\u00a0regarde au-dessus de toi\u00a0\u00bb. <br><br>J&rsquo;y ai vu un ensemble de petites branches dont les ramifications formaient des petites \u00e9critures.<br><br>Je crois que c&rsquo;est l\u00e0 que tout a commenc\u00e9.<\/p>\n\n\n\n<figure class=\"wp-block-image\"><img loading=\"lazy\" decoding=\"async\" width=\"1024\" height=\"768\" src=\"http:\/\/aso-art.com\/wp-content\/uploads\/2019\/02\/EcrituresArbres1-1024x768.jpg\" alt=\"\" class=\"wp-image-246\" srcset=\"https:\/\/aso-art.com\/wp-content\/uploads\/2019\/02\/EcrituresArbres1-1024x768.jpg 1024w, https:\/\/aso-art.com\/wp-content\/uploads\/2019\/02\/EcrituresArbres1-300x225.jpg 300w, https:\/\/aso-art.com\/wp-content\/uploads\/2019\/02\/EcrituresArbres1-768x576.jpg 768w\" sizes=\"auto, (max-width: 767px) 89vw, (max-width: 1000px) 54vw, (max-width: 1071px) 543px, 580px\" \/><\/figure>\n<input class=\"fooboxshare_post_id\" type=\"hidden\" value=\"238\"\/>","protected":false},"excerpt":{"rendered":"<p>La premi\u00e8re fois.C&rsquo;\u00e9tait en \u00e9t\u00e9.C&rsquo;\u00e9tait il y a longtemps. Mon professeur de dessin nous demandait de dessiner un arbre. J&rsquo;\u00e9tais assise sous un arbre, appuy\u00e9e contre son tronc, et j&rsquo;envisageais de dessiner l&rsquo;arbre \u00e0 quelques m\u00e8tres de moi. Il m&rsquo;a dit \u00ab\u00a0regarde au-dessus de toi\u00a0\u00bb. J&rsquo;y ai vu un ensemble de petites branches dont les &hellip; <\/p>\n<p class=\"link-more\"><a href=\"https:\/\/aso-art.com\/index.php\/le-chemin\/\" class=\"more-link\">Continuer la lecture<span class=\"screen-reader-text\"> de &laquo;&nbsp;Le chemin&nbsp;&raquo;<\/span><\/a><\/p>\n","protected":false},"author":1,"featured_media":0,"parent":0,"menu_order":0,"comment_status":"closed","ping_status":"closed","template":"","meta":{"footnotes":""},"class_list":["post-238","page","type-page","status-publish","hentry"],"_links":{"self":[{"href":"https:\/\/aso-art.com\/index.php\/wp-json\/wp\/v2\/pages\/238","targetHints":{"allow":["GET"]}}],"collection":[{"href":"https:\/\/aso-art.com\/index.php\/wp-json\/wp\/v2\/pages"}],"about":[{"href":"https:\/\/aso-art.com\/index.php\/wp-json\/wp\/v2\/types\/page"}],"author":[{"embeddable":true,"href":"https:\/\/aso-art.com\/index.php\/wp-json\/wp\/v2\/users\/1"}],"replies":[{"embeddable":true,"href":"https:\/\/aso-art.com\/index.php\/wp-json\/wp\/v2\/comments?post=238"}],"version-history":[{"count":4,"href":"https:\/\/aso-art.com\/index.php\/wp-json\/wp\/v2\/pages\/238\/revisions"}],"predecessor-version":[{"id":288,"href":"https:\/\/aso-art.com\/index.php\/wp-json\/wp\/v2\/pages\/238\/revisions\/288"}],"wp:attachment":[{"href":"https:\/\/aso-art.com\/index.php\/wp-json\/wp\/v2\/media?parent=238"}],"curies":[{"name":"wp","href":"https:\/\/api.w.org\/{rel}","templated":true}]}}