{"id":268,"date":"2019-03-24T10:57:01","date_gmt":"2019-03-24T09:57:01","guid":{"rendered":"http:\/\/aso-art.com\/?page_id=268"},"modified":"2020-02-08T16:32:56","modified_gmt":"2020-02-08T15:32:56","slug":"en-savoir-plus","status":"publish","type":"page","link":"https:\/\/aso-art.com\/index.php\/en-savoir-plus\/","title":{"rendered":"Actualit\u00e9"},"content":{"rendered":"\n<figure class=\"wp-block-image\"><img loading=\"lazy\" decoding=\"async\" width=\"880\" height=\"386\" src=\"http:\/\/aso-art.com\/wp-content\/uploads\/2020\/02\/ASO-chez-odette-carton-vernissage.png\" alt=\"\" class=\"wp-image-396\" srcset=\"https:\/\/aso-art.com\/wp-content\/uploads\/2020\/02\/ASO-chez-odette-carton-vernissage.png 880w, https:\/\/aso-art.com\/wp-content\/uploads\/2020\/02\/ASO-chez-odette-carton-vernissage-300x132.png 300w, https:\/\/aso-art.com\/wp-content\/uploads\/2020\/02\/ASO-chez-odette-carton-vernissage-768x337.png 768w\" sizes=\"auto, (max-width: 767px) 89vw, (max-width: 1000px) 54vw, (max-width: 1071px) 543px, 580px\" \/><\/figure>\n\n\n\n<p>La <a href=\"http:\/\/www.artesio.org\/laconsigne\">Consigne<\/a>: une malle, un coffre ou un coffret dans l\u2019\u00e9tat de sa d\u00e9couverte dans un grenier, une cave, un entrep\u00f4t suscitent la curiosit\u00e9 du visiteur et l\u2019exploration d\u2019une intervention artistique.<a href=\"http:\/\/ www.ccccc.be\"> Centre culturel Christian Colle de Couvin<\/a>, du 16 novembre au 1er d\u00e9cembre 2019.<\/p>\n\n\n\n<figure class=\"wp-block-image\"><img loading=\"lazy\" decoding=\"async\" width=\"1024\" height=\"523\" src=\"http:\/\/aso-art.com\/wp-content\/uploads\/2019\/11\/consigne2019NOV-1024x523.png\" alt=\"\" class=\"wp-image-392\" srcset=\"https:\/\/aso-art.com\/wp-content\/uploads\/2019\/11\/consigne2019NOV-1024x523.png 1024w, https:\/\/aso-art.com\/wp-content\/uploads\/2019\/11\/consigne2019NOV-300x153.png 300w, https:\/\/aso-art.com\/wp-content\/uploads\/2019\/11\/consigne2019NOV-768x393.png 768w, https:\/\/aso-art.com\/wp-content\/uploads\/2019\/11\/consigne2019NOV.png 1213w\" sizes=\"auto, (max-width: 767px) 89vw, (max-width: 1000px) 54vw, (max-width: 1071px) 543px, 580px\" \/><\/figure>\n\n\n\n<p>Exposition permanente chez <a href=\"https:\/\/www.berhin.be\/\">Berhin<\/a> \u00e0 Jambes (Namur). <br><a href=\"https:\/\/www.berhin.be\/page\/journees-portes-ouvertes-19-20-octobre-2019.html\">Journ\u00e9es portes ouvertes<\/a> les 19 et 20 octobre.<\/p>\n\n\n\n<figure class=\"wp-block-image\"><img decoding=\"async\" src=\"https:\/\/www.berhin.be\/medias\/news\/2019\/PO2019\/PO2019.1200x630.jpg\" alt=\"\"\/><\/figure>\n\n\n\n<p><a href=\"http:\/\/centreculturelgembloux.be\/?p=8353\">Biennale de la cr\u00e9ation 2019 \u2013 QUINTESSENCE<\/a>, \u00e0 l&rsquo;Atrium57, Centre Culturel de Gembloux, du vendredi 11 au dimanche 20 octobre 2019.<\/p>\n\n\n\n<figure class=\"wp-block-image\"><img decoding=\"async\" src=\"http:\/\/centreculturelgembloux.be\/wp-content\/uploads\/2019\/10\/Event-banner-biennale-1.jpg\" alt=\"\"\/><\/figure>\n<input class=\"fooboxshare_post_id\" type=\"hidden\" value=\"268\"\/>","protected":false},"excerpt":{"rendered":"<p>La Consigne: une malle, un coffre ou un coffret dans l\u2019\u00e9tat de sa d\u00e9couverte dans un grenier, une cave, un entrep\u00f4t suscitent la curiosit\u00e9 du visiteur et l\u2019exploration d\u2019une intervention artistique. Centre culturel Christian Colle de Couvin, du 16 novembre au 1er d\u00e9cembre 2019. Exposition permanente chez Berhin \u00e0 Jambes (Namur). Journ\u00e9es portes ouvertes les &hellip; <\/p>\n<p class=\"link-more\"><a href=\"https:\/\/aso-art.com\/index.php\/en-savoir-plus\/\" class=\"more-link\">Continuer la lecture<span class=\"screen-reader-text\"> de &laquo;&nbsp;Actualit\u00e9&nbsp;&raquo;<\/span><\/a><\/p>\n","protected":false},"author":1,"featured_media":0,"parent":0,"menu_order":0,"comment_status":"closed","ping_status":"closed","template":"","meta":{"footnotes":""},"class_list":["post-268","page","type-page","status-publish","hentry"],"_links":{"self":[{"href":"https:\/\/aso-art.com\/index.php\/wp-json\/wp\/v2\/pages\/268","targetHints":{"allow":["GET"]}}],"collection":[{"href":"https:\/\/aso-art.com\/index.php\/wp-json\/wp\/v2\/pages"}],"about":[{"href":"https:\/\/aso-art.com\/index.php\/wp-json\/wp\/v2\/types\/page"}],"author":[{"embeddable":true,"href":"https:\/\/aso-art.com\/index.php\/wp-json\/wp\/v2\/users\/1"}],"replies":[{"embeddable":true,"href":"https:\/\/aso-art.com\/index.php\/wp-json\/wp\/v2\/comments?post=268"}],"version-history":[{"count":16,"href":"https:\/\/aso-art.com\/index.php\/wp-json\/wp\/v2\/pages\/268\/revisions"}],"predecessor-version":[{"id":397,"href":"https:\/\/aso-art.com\/index.php\/wp-json\/wp\/v2\/pages\/268\/revisions\/397"}],"wp:attachment":[{"href":"https:\/\/aso-art.com\/index.php\/wp-json\/wp\/v2\/media?parent=268"}],"curies":[{"name":"wp","href":"https:\/\/api.w.org\/{rel}","templated":true}]}}