{"id":311,"date":"2019-05-31T18:47:29","date_gmt":"2019-05-31T16:47:29","guid":{"rendered":"http:\/\/aso-art.com\/?page_id=311"},"modified":"2023-02-09T16:03:33","modified_gmt":"2023-02-09T15:03:33","slug":"quintessence-distillat-de-noir","status":"publish","type":"page","link":"https:\/\/aso-art.com\/index.php\/quintessence-distillat-de-noir\/","title":{"rendered":"Distillat de noir"},"content":{"rendered":"\n<p><strong>Quintessence<\/strong> n.f. (latin <em>quintus<\/em>, cinqui\u00e8me, et <em>essentia<\/em>, essence) Substance \u00e9th\u00e9r\u00e9e que certains philosophes de l&rsquo;Antiquit\u00e9 ajoutaient comme cinqui\u00e8me \u00e9l\u00e9ment aux quatre \u00e9l\u00e9ments traditionnels. (Larousse)<\/p>\n\n\n\n<p><\/p>\n\n\n<style type=\"text\/css\">\n#foogallery-gallery-310 .fg-image { width: 150px; }\n#foogallery-gallery-310 { --fg-gutter: 10px; }<\/style>\n\t\t\t<div class=\"foogallery foogallery-container foogallery-default foogallery-lightbox-foobox fg-center fg-default fg-ready fg-light fg-border-thin fg-shadow-outline fg-loading-default fg-loaded-fade-in fg-caption-hover fg-hover-fade fg-hover-zoom\" id=\"foogallery-gallery-310\" data-foogallery=\"{&quot;item&quot;:{&quot;showCaptionTitle&quot;:true,&quot;showCaptionDescription&quot;:true},&quot;lazy&quot;:true}\" style=\"--fg-title-line-clamp: 0; --fg-description-line-clamp: 0;\" >\n\t<div class=\"fg-item fg-type-image fg-idle\"><figure class=\"fg-item-inner\"><a href=\"https:\/\/aso-art.com\/wp-content\/uploads\/2019\/05\/QE1.jpg\" data-attachment-id=\"305\" data-type=\"image\" class=\"fg-thumb\"><span class=\"fg-image-wrap\"><img decoding=\"async\" width=\"150\" height=\"150\" class=\"skip-lazy fg-image\" data-src-fg=\"https:\/\/aso-art.com\/wp-content\/uploads\/cache\/2019\/05\/QE1\/3268490757.jpg\" src=\"data:image\/svg+xml,%3Csvg%20xmlns%3D%22http%3A%2F%2Fwww.w3.org%2F2000%2Fsvg%22%20width%3D%22150%22%20height%3D%22150%22%20viewBox%3D%220%200%20150%20150%22%3E%3C%2Fsvg%3E\" loading=\"eager\"><\/span><span class=\"fg-image-overlay\"><\/span><\/a><\/figure><div class=\"fg-loader\"><\/div><\/div><div class=\"fg-item fg-type-image fg-idle\"><figure class=\"fg-item-inner\"><a href=\"https:\/\/aso-art.com\/wp-content\/uploads\/2019\/05\/QE2.jpg\" data-attachment-id=\"306\" data-type=\"image\" class=\"fg-thumb\"><span class=\"fg-image-wrap\"><img decoding=\"async\" width=\"150\" height=\"150\" class=\"skip-lazy fg-image\" data-src-fg=\"https:\/\/aso-art.com\/wp-content\/uploads\/cache\/2019\/05\/QE2\/1807246122.jpg\" src=\"data:image\/svg+xml,%3Csvg%20xmlns%3D%22http%3A%2F%2Fwww.w3.org%2F2000%2Fsvg%22%20width%3D%22150%22%20height%3D%22150%22%20viewBox%3D%220%200%20150%20150%22%3E%3C%2Fsvg%3E\" loading=\"eager\"><\/span><span class=\"fg-image-overlay\"><\/span><\/a><\/figure><div class=\"fg-loader\"><\/div><\/div><div class=\"fg-item fg-type-image fg-idle\"><figure class=\"fg-item-inner\"><a href=\"https:\/\/aso-art.com\/wp-content\/uploads\/2019\/05\/QE3.jpg\" data-attachment-id=\"307\" data-type=\"image\" class=\"fg-thumb\"><span class=\"fg-image-wrap\"><img decoding=\"async\" width=\"150\" height=\"150\" class=\"skip-lazy fg-image\" data-src-fg=\"https:\/\/aso-art.com\/wp-content\/uploads\/cache\/2019\/05\/QE3\/3125784048.jpg\" src=\"data:image\/svg+xml,%3Csvg%20xmlns%3D%22http%3A%2F%2Fwww.w3.org%2F2000%2Fsvg%22%20width%3D%22150%22%20height%3D%22150%22%20viewBox%3D%220%200%20150%20150%22%3E%3C%2Fsvg%3E\" loading=\"eager\"><\/span><span class=\"fg-image-overlay\"><\/span><\/a><\/figure><div class=\"fg-loader\"><\/div><\/div><div class=\"fg-item fg-type-image fg-idle\"><figure class=\"fg-item-inner\"><a href=\"https:\/\/aso-art.com\/wp-content\/uploads\/2019\/05\/QE4.jpg\" data-attachment-id=\"308\" data-type=\"image\" class=\"fg-thumb\"><span class=\"fg-image-wrap\"><img decoding=\"async\" width=\"150\" height=\"150\" class=\"skip-lazy fg-image\" data-src-fg=\"https:\/\/aso-art.com\/wp-content\/uploads\/cache\/2019\/05\/QE4\/150322453.jpg\" src=\"data:image\/svg+xml,%3Csvg%20xmlns%3D%22http%3A%2F%2Fwww.w3.org%2F2000%2Fsvg%22%20width%3D%22150%22%20height%3D%22150%22%20viewBox%3D%220%200%20150%20150%22%3E%3C%2Fsvg%3E\" loading=\"eager\"><\/span><span class=\"fg-image-overlay\"><\/span><\/a><\/figure><div class=\"fg-loader\"><\/div><\/div><div class=\"fg-item fg-type-image fg-idle\"><figure class=\"fg-item-inner\"><a href=\"https:\/\/aso-art.com\/wp-content\/uploads\/2019\/05\/QE5.jpg\" data-attachment-id=\"309\" data-type=\"image\" class=\"fg-thumb\"><span class=\"fg-image-wrap\"><img decoding=\"async\" width=\"150\" height=\"150\" class=\"skip-lazy fg-image\" data-src-fg=\"https:\/\/aso-art.com\/wp-content\/uploads\/cache\/2019\/05\/QE5\/3640816591.jpg\" src=\"data:image\/svg+xml,%3Csvg%20xmlns%3D%22http%3A%2F%2Fwww.w3.org%2F2000%2Fsvg%22%20width%3D%22150%22%20height%3D%22150%22%20viewBox%3D%220%200%20150%20150%22%3E%3C%2Fsvg%3E\" loading=\"eager\"><\/span><span class=\"fg-image-overlay\"><\/span><\/a><\/figure><div class=\"fg-loader\"><\/div><\/div><\/div>\n\n\n\n<hr class=\"wp-block-separator has-css-opacity\"\/>\n\n\n\n<p class=\"has-text-align-left\">L\u2019artiste peintre utilise couleurs et\npinceaux. Dans une d\u00e9marche quasi alchimique, je\nrecherche l\u2019origine m\u00eame de la peinture, son composant premier, son geste\noriginel. <strong>L\u2019essence m\u00eame de la\npeinture n\u2019est-elle pas la repr\u00e9sentation de l\u2019absolu, dans l\u2019absence de\ncouleur et de pinceau&nbsp;?<\/strong><\/p>\n\n\n\n<p class=\"has-text-align-left\">Une fois retrouv\u00e9e la\nquintessence m\u00eame de la peinture, celle-ci \u00ab&nbsp;rel\u00e8verait alors (\u2026) non\nd\u2019une soi-disant m\u00e9moire r\u00e9quisitionn\u00e9e par l\u2019histoire (\u2026), mais d\u2019un <em>imm\u00e9morial <\/em>: d\u2019une m\u00e9moire si\nprofond\u00e9ment lointaine qu\u2019elle a fini par s\u2019oublier elle-m\u00eame pour mieux <em>refaire de la pr\u00e9sence<\/em>.&nbsp;\u00bb (*) <\/p>\n\n\n\n<p>(*) <strong>Michel Gu\u00e9rin,\nOrigine de la peinture, Ed. Encre Marine<\/strong><\/p>\n\n\n\n<figure class=\"wp-block-image\"><img loading=\"lazy\" decoding=\"async\" width=\"1024\" height=\"201\" src=\"http:\/\/aso-art.com\/wp-content\/uploads\/2019\/05\/Distillats-de-noir-1024x201.png\" alt=\"\" class=\"wp-image-304\" srcset=\"https:\/\/aso-art.com\/wp-content\/uploads\/2019\/05\/Distillats-de-noir-1024x201.png 1024w, https:\/\/aso-art.com\/wp-content\/uploads\/2019\/05\/Distillats-de-noir-300x59.png 300w, https:\/\/aso-art.com\/wp-content\/uploads\/2019\/05\/Distillats-de-noir-768x151.png 768w, https:\/\/aso-art.com\/wp-content\/uploads\/2019\/05\/Distillats-de-noir.png 1297w\" sizes=\"auto, (max-width: 767px) 89vw, (max-width: 1000px) 54vw, (max-width: 1071px) 543px, 580px\" \/><\/figure>\n<input class=\"fooboxshare_post_id\" type=\"hidden\" value=\"311\"\/>","protected":false},"excerpt":{"rendered":"<p>Quintessence n.f. (latin quintus, cinqui\u00e8me, et essentia, essence) Substance \u00e9th\u00e9r\u00e9e que certains philosophes de l&rsquo;Antiquit\u00e9 ajoutaient comme cinqui\u00e8me \u00e9l\u00e9ment aux quatre \u00e9l\u00e9ments traditionnels. (Larousse) L\u2019artiste peintre utilise couleurs et pinceaux. Dans une d\u00e9marche quasi alchimique, je recherche l\u2019origine m\u00eame de la peinture, son composant premier, son geste originel. L\u2019essence m\u00eame de la peinture n\u2019est-elle pas &hellip; <\/p>\n<p class=\"link-more\"><a href=\"https:\/\/aso-art.com\/index.php\/quintessence-distillat-de-noir\/\" class=\"more-link\">Continuer la lecture<span class=\"screen-reader-text\"> de &laquo;&nbsp;Distillat de noir&nbsp;&raquo;<\/span><\/a><\/p>\n","protected":false},"author":1,"featured_media":0,"parent":0,"menu_order":0,"comment_status":"closed","ping_status":"closed","template":"","meta":{"footnotes":""},"class_list":["post-311","page","type-page","status-publish","hentry"],"_links":{"self":[{"href":"https:\/\/aso-art.com\/index.php\/wp-json\/wp\/v2\/pages\/311","targetHints":{"allow":["GET"]}}],"collection":[{"href":"https:\/\/aso-art.com\/index.php\/wp-json\/wp\/v2\/pages"}],"about":[{"href":"https:\/\/aso-art.com\/index.php\/wp-json\/wp\/v2\/types\/page"}],"author":[{"embeddable":true,"href":"https:\/\/aso-art.com\/index.php\/wp-json\/wp\/v2\/users\/1"}],"replies":[{"embeddable":true,"href":"https:\/\/aso-art.com\/index.php\/wp-json\/wp\/v2\/comments?post=311"}],"version-history":[{"count":13,"href":"https:\/\/aso-art.com\/index.php\/wp-json\/wp\/v2\/pages\/311\/revisions"}],"predecessor-version":[{"id":417,"href":"https:\/\/aso-art.com\/index.php\/wp-json\/wp\/v2\/pages\/311\/revisions\/417"}],"wp:attachment":[{"href":"https:\/\/aso-art.com\/index.php\/wp-json\/wp\/v2\/media?parent=311"}],"curies":[{"name":"wp","href":"https:\/\/api.w.org\/{rel}","templated":true}]}}